{"id":2259,"date":"2024-08-20T16:32:41","date_gmt":"2024-08-20T14:32:41","guid":{"rendered":"https:\/\/www.revival.be\/confirmation-seance-info\/"},"modified":"2024-08-20T16:41:48","modified_gmt":"2024-08-20T14:41:48","slug":"confirmation-seance-info","status":"publish","type":"page","link":"https:\/\/www.revival.be\/nl\/confirmation-seance-info\/","title":{"rendered":"Confirmation s\u00e9ance d&#8217;info"},"content":{"rendered":"<p>[et_pb_section fb_built=&#8221;1&#8243; admin_label=&#8221;section&#8221; _builder_version=&#8221;4.16&#8243; custom_padding=&#8221;90px||90px||true|&#8221; global_colors_info=&#8221;{}&#8221;][et_pb_row admin_label=&#8221;row&#8221; _builder_version=&#8221;4.16&#8243; background_size=&#8221;initial&#8221; background_position=&#8221;top_left&#8221; background_repeat=&#8221;repeat&#8221; custom_padding=&#8221;81px|6vw||6vw|false|true&#8221; global_colors_info=&#8221;{}&#8221;][et_pb_column type=&#8221;4_4&#8243; _builder_version=&#8221;4.16&#8243; custom_padding=&#8221;|||&#8221; global_colors_info=&#8221;{}&#8221; custom_padding__hover=&#8221;|||&#8221;][et_pb_text admin_label=&#8221;Text&#8221; _builder_version=&#8221;4.19.4&#8243; background_size=&#8221;initial&#8221; background_position=&#8221;top_left&#8221; background_repeat=&#8221;repeat&#8221; custom_margin=&#8221;||68px|||&#8221; global_colors_info=&#8221;{}&#8221;]<\/p>\n<h1 style=\"text-align: center;\">Merci pour votre demande !<\/h1>\n<p style=\"text-align: center;\">Elle a \u00e9t\u00e9 envoy\u00e9e avec succ\u00e8s. Nous la traitons et revenons vers vous dans les plus brefs d\u00e9lais.<\/p>\n<p>[\/et_pb_text][et_pb_text _builder_version=&#8221;4.24.3&#8243; _module_preset=&#8221;default&#8221; text_font=&#8221;Barlow-Light|300|on||||||&#8221; text_text_color=&#8221;gcid-2a1a3bd2-7a3d-4e5c-988e-347b1da38e95&#8243; text_font_size=&#8221;24px&#8221; text_orientation=&#8221;center&#8221; max_width=&#8221;580px&#8221; module_alignment=&#8221;center&#8221; custom_margin=&#8221;||25px||false|false&#8221; global_colors_info=&#8221;{%22gcid-2a1a3bd2-7a3d-4e5c-988e-347b1da38e95%22:%91%22text_text_color%22%93}&#8221;]<\/p>\n<p>L&#8217;\u00e9chec est l&#8217;opportunit\u00e9 de recommencer de mani\u00e8re plus intelligente (Henry Ford)<\/p>\n<p>[\/et_pb_text][et_pb_button button_url=&#8221;@ET-DC@eyJkeW5hbWljIjp0cnVlLCJjb250ZW50IjoiaG9tZV91cmwiLCJzZXR0aW5ncyI6e319@&#8221; button_text=&#8221;Retour \u00e0 l&#8217;accueil&#8221; button_alignment=&#8221;center&#8221; _builder_version=&#8221;4.19.4&#8243; _dynamic_attributes=&#8221;button_text,button_url&#8221; _module_preset=&#8221;_initial&#8221; global_colors_info=&#8221;{}&#8221;][\/et_pb_button][\/et_pb_column][\/et_pb_row][\/et_pb_section]<\/p>\n","protected":false},"excerpt":{"rendered":"<p>Merci pour votre demande ! Elle a \u00e9t\u00e9 envoy\u00e9e avec succ\u00e8s. Nous la traitons et revenons vers vous dans les plus brefs d\u00e9lais.L&#8217;\u00e9chec est l&#8217;opportunit\u00e9 de recommencer de mani\u00e8re plus intelligente (Henry Ford)<\/p>\n","protected":false},"author":9,"featured_media":0,"parent":0,"menu_order":1010,"comment_status":"closed","ping_status":"closed","template":"","meta":{"_et_pb_use_builder":"on","_et_pb_old_content":"[vc_row css=\".vc_custom_1650981400486{padding-top: 150px !important;padding-bottom: 150px !important;}\"][vc_column][vc_column_text]\r\n<h1 style=\"text-align: center;\">Merci pour votre demande !<\/h1>\r\n<p style=\"text-align: center;\">Elle a \u00e9t\u00e9 envoy\u00e9e avec succ\u00e8s. Nous la traitons et revenons vers vous dans les plus brefs d\u00e9lais.<\/p>\r\n[\/vc_column_text][dt_default_button link=\"url:https%3A%2F%2Fwww.revival.be%2F|title:Accueil\" size=\"big\" button_alignment=\"btn_center\"]Revenez \u00e0 la page d\u2019accueil[\/dt_default_button][\/vc_column][\/vc_row]","_et_gb_content_width":"","inline_featured_image":false,"footnotes":""},"class_list":["post-2259","page","type-page","status-publish","hentry"],"yoast_head":"<!-- This site is optimized with the Yoast SEO plugin v27.5 - https:\/\/yoast.com\/product\/yoast-seo-wordpress\/ -->\n<title>Confirmation s\u00e9ance d&#039;info | Revival<\/title>\n<meta name=\"robots\" content=\"index, follow, max-snippet:-1, max-image-preview:large, max-video-preview:-1\" \/>\n<link rel=\"canonical\" href=\"https:\/\/www.revival.be\/nl\/confirmation-seance-info\/\" \/>\n<meta property=\"og:locale\" content=\"nl_BE\" \/>\n<meta property=\"og:type\" content=\"article\" \/>\n<meta property=\"og:title\" content=\"Confirmation s\u00e9ance d&#039;info | Revival\" \/>\n<meta property=\"og:description\" content=\"Merci pour votre demande ! Elle a \u00e9t\u00e9 envoy\u00e9e avec succ\u00e8s. Nous la traitons et revenons vers vous dans les plus brefs d\u00e9lais.L&#039;\u00e9chec est l&#039;opportunit\u00e9 de recommencer de mani\u00e8re plus intelligente (Henry Ford)\" \/>\n<meta property=\"og:url\" content=\"https:\/\/www.revival.be\/nl\/confirmation-seance-info\/\" \/>\n<meta property=\"og:site_name\" content=\"Revival\" \/>\n<meta property=\"article:modified_time\" content=\"2024-08-20T14:41:48+00:00\" \/>\n<meta name=\"twitter:card\" content=\"summary_large_image\" \/>\n<meta name=\"twitter:label1\" content=\"Geschatte leestijd\" \/>\n\t<meta name=\"twitter:data1\" content=\"1 minuut\" \/>\n<script type=\"application\/ld+json\" class=\"yoast-schema-graph\">{\"@context\":\"https:\\\/\\\/schema.org\",\"@graph\":[{\"@type\":\"WebPage\",\"@id\":\"https:\\\/\\\/www.revival.be\\\/nl\\\/confirmation-seance-info\\\/\",\"url\":\"https:\\\/\\\/www.revival.be\\\/nl\\\/confirmation-seance-info\\\/\",\"name\":\"Confirmation s\u00e9ance d'info | Revival\",\"isPartOf\":{\"@id\":\"https:\\\/\\\/www.revival.be\\\/nl\\\/#website\"},\"datePublished\":\"2024-08-20T14:32:41+00:00\",\"dateModified\":\"2024-08-20T14:41:48+00:00\",\"breadcrumb\":{\"@id\":\"https:\\\/\\\/www.revival.be\\\/nl\\\/confirmation-seance-info\\\/#breadcrumb\"},\"inLanguage\":\"nl-BE\",\"potentialAction\":[{\"@type\":\"ReadAction\",\"target\":[\"https:\\\/\\\/www.revival.be\\\/nl\\\/confirmation-seance-info\\\/\"]}]},{\"@type\":\"BreadcrumbList\",\"@id\":\"https:\\\/\\\/www.revival.be\\\/nl\\\/confirmation-seance-info\\\/#breadcrumb\",\"itemListElement\":[{\"@type\":\"ListItem\",\"position\":1,\"name\":\"Accueil\",\"item\":\"https:\\\/\\\/www.revival.be\\\/nl\\\/\"},{\"@type\":\"ListItem\",\"position\":2,\"name\":\"Confirmation s\u00e9ance d&rsquo;info\"}]},{\"@type\":\"WebSite\",\"@id\":\"https:\\\/\\\/www.revival.be\\\/nl\\\/#website\",\"url\":\"https:\\\/\\\/www.revival.be\\\/nl\\\/\",\"name\":\"Revival\",\"description\":\"\",\"potentialAction\":[{\"@type\":\"SearchAction\",\"target\":{\"@type\":\"EntryPoint\",\"urlTemplate\":\"https:\\\/\\\/www.revival.be\\\/nl\\\/?s={search_term_string}\"},\"query-input\":{\"@type\":\"PropertyValueSpecification\",\"valueRequired\":true,\"valueName\":\"search_term_string\"}}],\"inLanguage\":\"nl-BE\"}]}<\/script>\n<!-- \/ Yoast SEO plugin. -->","yoast_head_json":{"title":"Confirmation s\u00e9ance d'info | Revival","robots":{"index":"index","follow":"follow","max-snippet":"max-snippet:-1","max-image-preview":"max-image-preview:large","max-video-preview":"max-video-preview:-1"},"canonical":"https:\/\/www.revival.be\/nl\/confirmation-seance-info\/","og_locale":"nl_BE","og_type":"article","og_title":"Confirmation s\u00e9ance d'info | Revival","og_description":"Merci pour votre demande ! Elle a \u00e9t\u00e9 envoy\u00e9e avec succ\u00e8s. Nous la traitons et revenons vers vous dans les plus brefs d\u00e9lais.L'\u00e9chec est l'opportunit\u00e9 de recommencer de mani\u00e8re plus intelligente (Henry Ford)","og_url":"https:\/\/www.revival.be\/nl\/confirmation-seance-info\/","og_site_name":"Revival","article_modified_time":"2024-08-20T14:41:48+00:00","twitter_card":"summary_large_image","twitter_misc":{"Geschatte leestijd":"1 minuut"},"schema":{"@context":"https:\/\/schema.org","@graph":[{"@type":"WebPage","@id":"https:\/\/www.revival.be\/nl\/confirmation-seance-info\/","url":"https:\/\/www.revival.be\/nl\/confirmation-seance-info\/","name":"Confirmation s\u00e9ance d'info | Revival","isPartOf":{"@id":"https:\/\/www.revival.be\/nl\/#website"},"datePublished":"2024-08-20T14:32:41+00:00","dateModified":"2024-08-20T14:41:48+00:00","breadcrumb":{"@id":"https:\/\/www.revival.be\/nl\/confirmation-seance-info\/#breadcrumb"},"inLanguage":"nl-BE","potentialAction":[{"@type":"ReadAction","target":["https:\/\/www.revival.be\/nl\/confirmation-seance-info\/"]}]},{"@type":"BreadcrumbList","@id":"https:\/\/www.revival.be\/nl\/confirmation-seance-info\/#breadcrumb","itemListElement":[{"@type":"ListItem","position":1,"name":"Accueil","item":"https:\/\/www.revival.be\/nl\/"},{"@type":"ListItem","position":2,"name":"Confirmation s\u00e9ance d&rsquo;info"}]},{"@type":"WebSite","@id":"https:\/\/www.revival.be\/nl\/#website","url":"https:\/\/www.revival.be\/nl\/","name":"Revival","description":"","potentialAction":[{"@type":"SearchAction","target":{"@type":"EntryPoint","urlTemplate":"https:\/\/www.revival.be\/nl\/?s={search_term_string}"},"query-input":{"@type":"PropertyValueSpecification","valueRequired":true,"valueName":"search_term_string"}}],"inLanguage":"nl-BE"}]}},"_links":{"self":[{"href":"https:\/\/www.revival.be\/nl\/wp-json\/wp\/v2\/pages\/2259","targetHints":{"allow":["GET"]}}],"collection":[{"href":"https:\/\/www.revival.be\/nl\/wp-json\/wp\/v2\/pages"}],"about":[{"href":"https:\/\/www.revival.be\/nl\/wp-json\/wp\/v2\/types\/page"}],"author":[{"embeddable":true,"href":"https:\/\/www.revival.be\/nl\/wp-json\/wp\/v2\/users\/9"}],"replies":[{"embeddable":true,"href":"https:\/\/www.revival.be\/nl\/wp-json\/wp\/v2\/comments?post=2259"}],"version-history":[{"count":1,"href":"https:\/\/www.revival.be\/nl\/wp-json\/wp\/v2\/pages\/2259\/revisions"}],"predecessor-version":[{"id":2260,"href":"https:\/\/www.revival.be\/nl\/wp-json\/wp\/v2\/pages\/2259\/revisions\/2260"}],"wp:attachment":[{"href":"https:\/\/www.revival.be\/nl\/wp-json\/wp\/v2\/media?parent=2259"}],"curies":[{"name":"wp","href":"https:\/\/api.w.org\/{rel}","templated":true}]}}